{"id":1421,"date":"2020-07-17T10:38:12","date_gmt":"2020-07-17T13:38:12","guid":{"rendered":"http:\/\/www.vgaauditores.com.br\/web\/?page_id=1421"},"modified":"2020-09-08T11:27:55","modified_gmt":"2020-09-08T14:27:55","slug":"auditoria-de-projetos-2","status":"publish","type":"page","link":"https:\/\/www.vgaauditores.com.br\/web\/servicos\/auditoria-de-projetos-2\/","title":{"rendered":"Auditoria de Projetos"},"content":{"rendered":"<div class=\"wpb-content-wrapper\"><p>[vc_row css_animation=&#8221;&#8221; row_type=&#8221;row&#8221; use_row_as_full_screen_section=&#8221;no&#8221; type=&#8221;full_width&#8221; angled_section=&#8221;no&#8221; text_align=&#8221;left&#8221; background_image_as_pattern=&#8221;without_pattern&#8221; css=&#8221;.vc_custom_1594993125126{padding-top: 5% !important;padding-right: 6% !important;padding-bottom: 5% !important;padding-left: 6% !important;}&#8221; z_index=&#8221;&#8221;][vc_column][vc_column_text]<\/p>\n<div class=\"elementor-element elementor-element-e21d1ef elementor-widget elementor-widget-text-editor\" data-id=\"e21d1ef\" data-element_type=\"widget\" data-widget_type=\"text-editor.default\">\n<div class=\"elementor-widget-container\">\n<div class=\"elementor-text-editor elementor-clearfix\">\n<p>No Brasil, a<strong>\u00a0<\/strong>legisla\u00e7\u00e3o obriga algumas empresas a passarem periodicamente pela avalia\u00e7\u00e3o\u00a0de uma auditoria externa e independente, e nas auditorias de pojetos t\u00eam a finalidade de examinar as atividades desenvolvidas pelas Entidades, observando os reflexos de diversas \u00e1reas dentro da Organiza\u00e7\u00e3o.<\/p>\n<p>A necessidade de uma auditoria regulat\u00f3ria pode se originar de: necessidade de entregar parecer especial sobre determinada atividade, necessidade de adequar-se a algum aspecto regulamentar, e requisito para capta\u00e7\u00e3o de verbas ou presta\u00e7\u00e3o de contas de incentivos fiscais.<\/p>\n<\/div>\n<\/div>\n<\/div>\n<div class=\"elementor-element elementor-element-9e0d092 elementor-widget elementor-widget-text-editor\" data-id=\"9e0d092\" data-element_type=\"widget\" data-widget_type=\"text-editor.default\">\n<div class=\"elementor-widget-container\">\n<div class=\"elementor-text-editor elementor-clearfix\">\n<p>A <strong>VGA Auditores Independentes<\/strong>\u00a0 realiza \u00a0auditorias em decorr\u00eancia da exig\u00eancia de agentes reguladores, como:<\/p>\n<\/div>\n<\/div>\n<\/div>\n<p>[\/vc_column_text][vc_separator type=&#8221;normal&#8221;][vc_column_text]<\/p>\n<section class=\"elementor-element elementor-element-8e50ee4 elementor-section-full_width elementor-section-height-default elementor-section-height-default parallax_section_no qode_elementor_container_no elementor-section elementor-top-section\" data-id=\"8e50ee4\" data-element_type=\"section\">\n<div class=\"elementor-container elementor-column-gap-default\">\n<div class=\"elementor-row\">\n<div class=\"elementor-element elementor-element-c702574 elementor-column elementor-col-20 elementor-top-column\" data-id=\"c702574\" data-element_type=\"column\">\n<div class=\"elementor-column-wrap elementor-element-populated\">\n<div class=\"elementor-widget-wrap\">\n<div class=\"elementor-element elementor-element-a2cd057 elementor-widget elementor-widget-heading\" data-id=\"a2cd057\" data-element_type=\"widget\" data-widget_type=\"heading.default\">\n<div class=\"elementor-widget-container\">\n<h6 class=\"elementor-heading-title elementor-size-default\">Banco Central<\/h6>\n<\/div>\n<\/div>\n<\/div>\n<\/div>\n<\/div>\n<div class=\"elementor-element elementor-element-ff76f9e elementor-column elementor-col-20 elementor-top-column\" data-id=\"ff76f9e\" data-element_type=\"column\">\n<div class=\"elementor-column-wrap elementor-element-populated\">\n<div class=\"elementor-widget-wrap\">\n<div class=\"elementor-element elementor-element-bd962a0 elementor-widget elementor-widget-heading\" data-id=\"bd962a0\" data-element_type=\"widget\" data-widget_type=\"heading.default\">\n<div class=\"elementor-widget-container\">\n<h6 class=\"elementor-heading-title elementor-size-default\">Minist\u00e9rio da Sa\u00fade<\/h6>\n<\/div>\n<\/div>\n<\/div>\n<\/div>\n<\/div>\n<div class=\"elementor-element elementor-element-b79175b elementor-column elementor-col-20 elementor-top-column\" data-id=\"b79175b\" data-element_type=\"column\">\n<div class=\"elementor-column-wrap elementor-element-populated\">\n<div class=\"elementor-widget-wrap\">\n<div class=\"elementor-element elementor-element-d203920 elementor-widget elementor-widget-heading\" data-id=\"d203920\" data-element_type=\"widget\" data-widget_type=\"heading.default\">\n<div class=\"elementor-widget-container\">\n<h6 class=\"elementor-heading-title elementor-size-default\">Ministe\u0301rio do Desenvolvimento, Indu\u0301stria e Come\u0301rcio Exterior (MDIC)<\/h6>\n<\/div>\n<\/div>\n<\/div>\n<\/div>\n<\/div>\n<div class=\"elementor-element elementor-element-05a911b elementor-column elementor-col-20 elementor-top-column\" data-id=\"05a911b\" data-element_type=\"column\">\n<div class=\"elementor-column-wrap elementor-element-populated\">\n<div class=\"elementor-widget-wrap\">\n<div class=\"elementor-element elementor-element-0de269e elementor-widget elementor-widget-heading\" data-id=\"0de269e\" data-element_type=\"widget\" data-widget_type=\"heading.default\">\n<div class=\"elementor-widget-container\">\n<h6 class=\"elementor-heading-title elementor-size-default\">Minist\u00e9rio da Ci\u00eancia, Tecnologia, Inova\u00e7\u00f5es e Comunica\u00e7\u00f5es (MCTIC),<\/h6>\n<\/div>\n<\/div>\n<\/div>\n<\/div>\n<\/div>\n<div class=\"elementor-element elementor-element-dd7ac61 elementor-column elementor-col-20 elementor-top-column\" data-id=\"dd7ac61\" data-element_type=\"column\">\n<div class=\"elementor-column-wrap elementor-element-populated\">\n<div class=\"elementor-widget-wrap\">\n<div class=\"elementor-element elementor-element-53bed37 elementor-widget elementor-widget-heading\" data-id=\"53bed37\" data-element_type=\"widget\" data-widget_type=\"heading.default\">\n<div class=\"elementor-widget-container\">\n<h6 class=\"elementor-heading-title elementor-size-default\">Age\u0302ncia Nacional de Sau\u0301de Suplementar (ANS)<\/h6>\n<\/div>\n<\/div>\n<\/div>\n<\/div>\n<\/div>\n<\/div>\n<\/div>\n<\/section>\n<section class=\"elementor-element elementor-element-9db5e09 elementor-section-full_width elementor-section-height-default elementor-section-height-default parallax_section_no qode_elementor_container_no elementor-section elementor-top-section\" data-id=\"9db5e09\" data-element_type=\"section\">\n<div class=\"elementor-container elementor-column-gap-default\">\n<div class=\"elementor-row\">\n<div class=\"elementor-element elementor-element-45fc3b4 elementor-column elementor-col-20 elementor-top-column\" data-id=\"45fc3b4\" data-element_type=\"column\">\n<div class=\"elementor-column-wrap elementor-element-populated\">\n<div class=\"elementor-widget-wrap\">\n<div class=\"elementor-element elementor-element-353371c elementor-widget elementor-widget-heading\" data-id=\"353371c\" data-element_type=\"widget\" data-widget_type=\"heading.default\">\n<div class=\"elementor-widget-container\">\n<h6 class=\"elementor-heading-title elementor-size-default\">Age\u0302ncia Nacional de Transportes Aquavia\u0301rios (ANTAQ)<\/h6>\n<\/div>\n<\/div>\n<\/div>\n<\/div>\n<\/div>\n<div class=\"elementor-element elementor-element-b7f66d4 elementor-column elementor-col-20 elementor-top-column\" data-id=\"b7f66d4\" data-element_type=\"column\">\n<div class=\"elementor-column-wrap elementor-element-populated\">\n<div class=\"elementor-widget-wrap\">\n<div class=\"elementor-element elementor-element-8a45044 elementor-widget elementor-widget-heading\" data-id=\"8a45044\" data-element_type=\"widget\" data-widget_type=\"heading.default\">\n<div class=\"elementor-widget-container\">\n<h6 class=\"elementor-heading-title elementor-size-default\">Age\u0302ncia Nacional de Transportes Terrestres (ANTT)<\/h6>\n<\/div>\n<\/div>\n<\/div>\n<\/div>\n<\/div>\n<div class=\"elementor-element elementor-element-3153a43 elementor-column elementor-col-20 elementor-top-column\" data-id=\"3153a43\" data-element_type=\"column\">\n<div class=\"elementor-column-wrap elementor-element-populated\">\n<div class=\"elementor-widget-wrap\">\n<div class=\"elementor-element elementor-element-46c7dac elementor-widget elementor-widget-heading\" data-id=\"46c7dac\" data-element_type=\"widget\" data-widget_type=\"heading.default\">\n<div class=\"elementor-widget-container\">\n<h6 class=\"elementor-heading-title elementor-size-default\">Age\u0302ncia Nacional de Telecomunicac\u0327o\u0303es (ANATEL)<\/h6>\n<\/div>\n<\/div>\n<\/div>\n<\/div>\n<\/div>\n<div class=\"elementor-element elementor-element-6cd3d39 elementor-column elementor-col-20 elementor-top-column\" data-id=\"6cd3d39\" data-element_type=\"column\">\n<div class=\"elementor-column-wrap elementor-element-populated\">\n<div class=\"elementor-widget-wrap\">\n<div class=\"elementor-element elementor-element-dda9859 elementor-widget elementor-widget-heading\" data-id=\"dda9859\" data-element_type=\"widget\" data-widget_type=\"heading.default\">\n<div class=\"elementor-widget-container\">\n<h6 class=\"elementor-heading-title elementor-size-default\">Age\u0302ncia Nacional de Energia Ele\u0301trica (ANEEL).<\/h6>\n<\/div>\n<\/div>\n<\/div>\n<\/div>\n<\/div>\n<div class=\"elementor-element elementor-element-1f254b3 elementor-column elementor-col-20 elementor-top-column\" data-id=\"1f254b3\" data-element_type=\"column\">\n<div class=\"elementor-column-wrap elementor-element-populated\">\n<div class=\"elementor-widget-wrap\">\n<div class=\"elementor-element elementor-element-700fab9 elementor-widget elementor-widget-heading\" data-id=\"700fab9\" data-element_type=\"widget\" data-widget_type=\"heading.default\">\n<div class=\"elementor-widget-container\">\n<h6 class=\"elementor-heading-title elementor-size-default\">Auditoria de programas, projetos e atividades desenvolvidas, financiadas pelo BIRD,BID, BNDES, FINEP, IFC e outros \u00f3rg\u00e3o de fomento nacionais e internacionais.<\/h6>\n<\/div>\n<\/div>\n<\/div>\n<\/div>\n<\/div>\n<\/div>\n<\/div>\n<\/section>\n<p>[\/vc_column_text][vc_separator type=&#8221;normal&#8221;][vc_column_text]<\/p>\n<section class=\"elementor-element elementor-element-4efb9bf elementor-section-full_width elementor-section-height-default elementor-section-height-default parallax_section_no qode_elementor_container_no elementor-section elementor-top-section\" data-id=\"4efb9bf\" data-element_type=\"section\">\n<div class=\"elementor-container elementor-column-gap-default\">\n<div class=\"elementor-row\">\n<div class=\"elementor-element elementor-element-a4e59c2 elementor-column elementor-col-100 elementor-top-column\" data-id=\"a4e59c2\" data-element_type=\"column\">\n<div class=\"elementor-column-wrap elementor-element-populated\">\n<div class=\"elementor-widget-wrap\">\n<div class=\"elementor-element elementor-element-38912dc elementor-widget elementor-widget-text-editor\" data-id=\"38912dc\" data-element_type=\"widget\" data-widget_type=\"text-editor.default\">\n<div class=\"elementor-widget-container\">\n<div class=\"elementor-text-editor elementor-clearfix\">\n<p>Possu\u00edmos grande experi\u00eancia em Auditorias dessa natureza, assim como das instituic\u0327o\u0303es que fazem projetos no a\u0302mbito do Programa Nacional de Apoio a\u0300 Atenc\u0327a\u0303o Oncolo\u0301gica <strong>(PRONON)<\/strong> e do Programa Nacional de Apoio a\u0300 Atenc\u0327a\u0303o da Sau\u0301de da Pessoa com Deficie\u0302ncia <strong>(Pronas\/PCD), <\/strong>que\u00a0 conforme determina o Art. 92, ANEXO LXXXVI, da PORTARIA DE CONSOLIDA\u00c7\u00c3O N\u00ba5, DE 28 DE SETEMBRO DE 2017, a presta\u00e7\u00e3o de contas precisa ter parecer conclusivo de auditoria\u00a0independente.<\/p>\n<p>A\u00a0<strong>VGA Auditores Independentes<\/strong>\u00a0 encontra-se devidamente registrada, habilitada e capacitada para realiza\u00e7\u00e3o de auditoria em todos estes projetos e programas.<\/p>\n<\/div>\n<\/div>\n<\/div>\n<\/div>\n<\/div>\n<\/div>\n<\/div>\n<\/div>\n<\/section>\n<p>[\/vc_column_text][\/vc_column][\/vc_row]<\/p>\n<\/div>","protected":false},"excerpt":{"rendered":"<p>[vc_row css_animation=&#8221;&#8221; row_type=&#8221;row&#8221; use_row_as_full_screen_section=&#8221;no&#8221; type=&#8221;full_width&#8221; angled_section=&#8221;no&#8221; text_align=&#8221;left&#8221; background_image_as_pattern=&#8221;without_pattern&#8221; css=&#8221;.vc_custom_1594993125126{padding-top: 5% !important;padding-right: 6% !important;padding-bottom: 5% !important;padding-left: 6% !important;}&#8221; z_index=&#8221;&#8221;][vc_column][vc_column_text] No Brasil, a\u00a0legisla\u00e7\u00e3o obriga algumas empresas a passarem periodicamente pela avalia\u00e7\u00e3o\u00a0de uma auditoria externa e independente, e nas auditorias de pojetos t\u00eam a finalidade de examinar as&#8230;<\/p>\n","protected":false},"author":1,"featured_media":0,"parent":273,"menu_order":0,"comment_status":"closed","ping_status":"closed","template":"full_width.php","meta":{"_joinchat":[],"footnotes":""},"class_list":["post-1421","page","type-page","status-publish","hentry"],"_links":{"self":[{"href":"https:\/\/www.vgaauditores.com.br\/web\/wp-json\/wp\/v2\/pages\/1421","targetHints":{"allow":["GET"]}}],"collection":[{"href":"https:\/\/www.vgaauditores.com.br\/web\/wp-json\/wp\/v2\/pages"}],"about":[{"href":"https:\/\/www.vgaauditores.com.br\/web\/wp-json\/wp\/v2\/types\/page"}],"author":[{"embeddable":true,"href":"https:\/\/www.vgaauditores.com.br\/web\/wp-json\/wp\/v2\/users\/1"}],"replies":[{"embeddable":true,"href":"https:\/\/www.vgaauditores.com.br\/web\/wp-json\/wp\/v2\/comments?post=1421"}],"version-history":[{"count":2,"href":"https:\/\/www.vgaauditores.com.br\/web\/wp-json\/wp\/v2\/pages\/1421\/revisions"}],"predecessor-version":[{"id":1424,"href":"https:\/\/www.vgaauditores.com.br\/web\/wp-json\/wp\/v2\/pages\/1421\/revisions\/1424"}],"up":[{"embeddable":true,"href":"https:\/\/www.vgaauditores.com.br\/web\/wp-json\/wp\/v2\/pages\/273"}],"wp:attachment":[{"href":"https:\/\/www.vgaauditores.com.br\/web\/wp-json\/wp\/v2\/media?parent=1421"}],"curies":[{"name":"wp","href":"https:\/\/api.w.org\/{rel}","templated":true}]}}