{"id":1401,"date":"2020-07-17T10:07:08","date_gmt":"2020-07-17T13:07:08","guid":{"rendered":"http:\/\/www.vgaauditores.com.br\/web\/?page_id=1401"},"modified":"2020-09-08T11:33:00","modified_gmt":"2020-09-08T14:33:00","slug":"revisao-pelos-pares","status":"publish","type":"page","link":"https:\/\/www.vgaauditores.com.br\/web\/servicos\/revisao-pelos-pares\/","title":{"rendered":"Revis\u00e3o pelos pares"},"content":{"rendered":"<div class=\"wpb-content-wrapper\"><p>[vc_row css_animation=&#8221;&#8221; row_type=&#8221;row&#8221; use_row_as_full_screen_section=&#8221;no&#8221; type=&#8221;full_width&#8221; angled_section=&#8221;no&#8221; text_align=&#8221;left&#8221; background_image_as_pattern=&#8221;without_pattern&#8221; z_index=&#8221;&#8221; css=&#8221;.vc_custom_1594933015573{padding-top: 5% !important;padding-right: 6% !important;padding-bottom: 5% !important;padding-left: 6% !important;}&#8221;][vc_column][vc_column_text]O objetivo da revisa\u0303o pelos pares e\u0301 o de avaliar os procedimentos adotados pelo contador que atua como auditor independente e pela Firma de Auditoria, com vistas a assegurar a qualidade dos trabalhos de auditoria e assegurac\u0327a\u0303o desenvolvidos.<\/p>\n<p>A qualidade, neste contexto, e\u0301 medida pelo atendimento ao estabelecido nas Normas Brasileiras de Contabilidade Te\u0301cnicas e Profissionais, emitidas pelo Conselho Federal de Contabilidade (CFC) e, quando aplica\u0301vel, nas normas emitidas por o\u0301rga\u0303os reguladores.<\/p>\n<p>Dessa forma,\u00a0 a Revisa\u0303o pelos Pares e\u0301 o exame realizado por auditor independente nos trabalhos de auditoria executados por outro auditor independente, visando verificar se:<\/p>\n<ol>\n<li>OS PROCEDIMENTOS E AS TE\u0301CNICAS DE AUDITORIA UTILIZADOS PARA EXECUC\u0327A\u0303O DOS TRABALHOS NAS EMPRESAS CLIENTES ESTA\u0303O EM CONFORMIDADE COM AS NORMAS BRASILEIRAS DE CONTABILIDADE TE\u0301CNICAS E PROFISSIONAIS EMITIDAS PELO CFC E, QUANDO APLICA\u0301VEL, COM OUTRAS NORMAS EMITIDAS POR O\u0301RGA\u0303O REGULADOR;<\/li>\n<li>O SISTEMA DE CONTROLE DE QUALIDADE DESENVOLVIDO E ADOTADO PELO AUDITOR ESTA\u0301 ADEQUADO E CONFORME O PREVISTO NA NBC PA 01 \u2013 CONTROLE DE QUALIDADE PARA FIRMAS DE AUDITORIA INDEPENDENTES.<\/li>\n<\/ol>\n<p>A VGA Auditores est\u00e1 capacitada e habilitada para prestar servi\u00e7os de Revis\u00e3o pelos Pares em Firmas de Auditoria com registros na Comiss\u00e3o de Valores Mobili\u00e1rios e Banco Central do Brasil.[\/vc_column_text][\/vc_column][\/vc_row]<\/p>\n<\/div>","protected":false},"excerpt":{"rendered":"<p>[vc_row css_animation=&#8221;&#8221; row_type=&#8221;row&#8221; use_row_as_full_screen_section=&#8221;no&#8221; type=&#8221;full_width&#8221; angled_section=&#8221;no&#8221; text_align=&#8221;left&#8221; background_image_as_pattern=&#8221;without_pattern&#8221; z_index=&#8221;&#8221; css=&#8221;.vc_custom_1594933015573{padding-top: 5% !important;padding-right: 6% !important;padding-bottom: 5% !important;padding-left: 6% !important;}&#8221;][vc_column][vc_column_text]O objetivo da revisa\u0303o pelos pares e\u0301 o de avaliar os procedimentos adotados pelo contador que atua como auditor independente e pela Firma de Auditoria, com vistas a&#8230;<\/p>\n","protected":false},"author":1,"featured_media":0,"parent":273,"menu_order":0,"comment_status":"closed","ping_status":"closed","template":"full_width.php","meta":{"_joinchat":[],"footnotes":""},"class_list":["post-1401","page","type-page","status-publish","hentry"],"_links":{"self":[{"href":"https:\/\/www.vgaauditores.com.br\/web\/wp-json\/wp\/v2\/pages\/1401","targetHints":{"allow":["GET"]}}],"collection":[{"href":"https:\/\/www.vgaauditores.com.br\/web\/wp-json\/wp\/v2\/pages"}],"about":[{"href":"https:\/\/www.vgaauditores.com.br\/web\/wp-json\/wp\/v2\/types\/page"}],"author":[{"embeddable":true,"href":"https:\/\/www.vgaauditores.com.br\/web\/wp-json\/wp\/v2\/users\/1"}],"replies":[{"embeddable":true,"href":"https:\/\/www.vgaauditores.com.br\/web\/wp-json\/wp\/v2\/comments?post=1401"}],"version-history":[{"count":1,"href":"https:\/\/www.vgaauditores.com.br\/web\/wp-json\/wp\/v2\/pages\/1401\/revisions"}],"predecessor-version":[{"id":1402,"href":"https:\/\/www.vgaauditores.com.br\/web\/wp-json\/wp\/v2\/pages\/1401\/revisions\/1402"}],"up":[{"embeddable":true,"href":"https:\/\/www.vgaauditores.com.br\/web\/wp-json\/wp\/v2\/pages\/273"}],"wp:attachment":[{"href":"https:\/\/www.vgaauditores.com.br\/web\/wp-json\/wp\/v2\/media?parent=1401"}],"curies":[{"name":"wp","href":"https:\/\/api.w.org\/{rel}","templated":true}]}}