{"id":1399,"date":"2020-07-17T10:06:26","date_gmt":"2020-07-17T13:06:26","guid":{"rendered":"http:\/\/www.vgaauditores.com.br\/web\/?page_id=1399"},"modified":"2020-09-08T11:32:39","modified_gmt":"2020-09-08T14:32:39","slug":"auditoria-e-assessoria-nos-procedimentos-fiscais-e-auditorias-digitais","status":"publish","type":"page","link":"https:\/\/www.vgaauditores.com.br\/web\/servicos\/auditoria-e-assessoria-nos-procedimentos-fiscais-e-auditorias-digitais\/","title":{"rendered":"Auditoria e assessoria nos procedimentos fiscais e auditorias digitais"},"content":{"rendered":"<div class=\"wpb-content-wrapper\"><p>[vc_row css_animation=&#8221;&#8221; row_type=&#8221;row&#8221; use_row_as_full_screen_section=&#8221;no&#8221; type=&#8221;full_width&#8221; angled_section=&#8221;no&#8221; text_align=&#8221;left&#8221; background_image_as_pattern=&#8221;without_pattern&#8221; z_index=&#8221;&#8221; css=&#8221;.vc_custom_1594933015573{padding-top: 5% !important;padding-right: 6% !important;padding-bottom: 5% !important;padding-left: 6% !important;}&#8221;][vc_column][vc_column_text]Possu\u00edmos t\u00e9cnicos especializados na \u00e1rea Fiscal, aptos \u00e0 assessorar e efetuar revis\u00f5es das obriga\u00e7\u00f5es principais e acess\u00f3rias no que se refere aos tributos, como IMPOSTO DE RENDA, CONTRIBUI\u00c7\u00c3O SOCIAL, ISS, ICMS, IPI, PIS e COFINS.<\/p>\n<p>Ressaltamos que tais servi\u00e7os objetivam identificar e corrigir eventuais inconformidades, ou situa\u00e7\u00f5es de aprimoramento, visando evitar a ocorr\u00eancia de conting\u00eancias, notifica\u00e7\u00f5es e multas.]<\/p>\n<p>Al\u00e9m disso, realizados auditorias digitais e cruzamentos das declara\u00e7\u00f5es atrav\u00e9s software de Auditoria. Atrav\u00e9s dele, auditamos com seguran\u00e7a os arquivos dos clientes, de acordo com as regras exigidas pelo governo e antes deles serem enviados ao Fisco.<\/p>\n<p>Trabalhamos com a verifica\u00e7\u00e3o dos arquivos digitais e o cruzamento eletr\u00f4nico dos dados da mesma forma com que o Fisco busca irregularidades. Com isso, \u00e9 poss\u00edvel minimizar os riscos fiscais de forma significativa.[\/vc_column_text][\/vc_column][\/vc_row]<\/p>\n<\/div>","protected":false},"excerpt":{"rendered":"<p>[vc_row css_animation=&#8221;&#8221; row_type=&#8221;row&#8221; use_row_as_full_screen_section=&#8221;no&#8221; type=&#8221;full_width&#8221; angled_section=&#8221;no&#8221; text_align=&#8221;left&#8221; background_image_as_pattern=&#8221;without_pattern&#8221; z_index=&#8221;&#8221; css=&#8221;.vc_custom_1594933015573{padding-top: 5% !important;padding-right: 6% !important;padding-bottom: 5% !important;padding-left: 6% !important;}&#8221;][vc_column][vc_column_text]Possu\u00edmos t\u00e9cnicos especializados na \u00e1rea Fiscal, aptos \u00e0 assessorar e efetuar revis\u00f5es das obriga\u00e7\u00f5es principais e acess\u00f3rias no que se refere aos tributos, como IMPOSTO DE RENDA, CONTRIBUI\u00c7\u00c3O&#8230;<\/p>\n","protected":false},"author":1,"featured_media":0,"parent":273,"menu_order":0,"comment_status":"closed","ping_status":"closed","template":"full_width.php","meta":{"_joinchat":[],"footnotes":""},"class_list":["post-1399","page","type-page","status-publish","hentry"],"_links":{"self":[{"href":"https:\/\/www.vgaauditores.com.br\/web\/wp-json\/wp\/v2\/pages\/1399","targetHints":{"allow":["GET"]}}],"collection":[{"href":"https:\/\/www.vgaauditores.com.br\/web\/wp-json\/wp\/v2\/pages"}],"about":[{"href":"https:\/\/www.vgaauditores.com.br\/web\/wp-json\/wp\/v2\/types\/page"}],"author":[{"embeddable":true,"href":"https:\/\/www.vgaauditores.com.br\/web\/wp-json\/wp\/v2\/users\/1"}],"replies":[{"embeddable":true,"href":"https:\/\/www.vgaauditores.com.br\/web\/wp-json\/wp\/v2\/comments?post=1399"}],"version-history":[{"count":1,"href":"https:\/\/www.vgaauditores.com.br\/web\/wp-json\/wp\/v2\/pages\/1399\/revisions"}],"predecessor-version":[{"id":1400,"href":"https:\/\/www.vgaauditores.com.br\/web\/wp-json\/wp\/v2\/pages\/1399\/revisions\/1400"}],"up":[{"embeddable":true,"href":"https:\/\/www.vgaauditores.com.br\/web\/wp-json\/wp\/v2\/pages\/273"}],"wp:attachment":[{"href":"https:\/\/www.vgaauditores.com.br\/web\/wp-json\/wp\/v2\/media?parent=1399"}],"curies":[{"name":"wp","href":"https:\/\/api.w.org\/{rel}","templated":true}]}}