{"id":1396,"date":"2020-07-17T10:05:46","date_gmt":"2020-07-17T13:05:46","guid":{"rendered":"http:\/\/www.vgaauditores.com.br\/web\/?page_id=1396"},"modified":"2020-09-08T11:32:08","modified_gmt":"2020-09-08T14:32:08","slug":"auditoria-e-assessoria-nos-procedimentos-trabalhistas-e-previdenciarios","status":"publish","type":"page","link":"https:\/\/www.vgaauditores.com.br\/web\/servicos\/auditoria-e-assessoria-nos-procedimentos-trabalhistas-e-previdenciarios\/","title":{"rendered":"Auditoria e assessoria nos procedimentos trabalhistas e previdenci\u00e1rios"},"content":{"rendered":"<div class=\"wpb-content-wrapper\"><p>[vc_row css_animation=&#8221;&#8221; row_type=&#8221;row&#8221; use_row_as_full_screen_section=&#8221;no&#8221; type=&#8221;full_width&#8221; angled_section=&#8221;no&#8221; text_align=&#8221;left&#8221; background_image_as_pattern=&#8221;without_pattern&#8221; z_index=&#8221;&#8221; css=&#8221;.vc_custom_1594933015573{padding-top: 5% !important;padding-right: 6% !important;padding-bottom: 5% !important;padding-left: 6% !important;}&#8221;][vc_column][vc_column_text]Possu\u00edmos t\u00e9cnicos especializados nas \u00e1reas Trabalhista e Previdenci\u00e1ria, oferecendo servi\u00e7os de auditoria e assessoria, visando \u00e0 adequa\u00e7\u00e3o e atendimento dos procedimentos que envolvem a \u00e1rea de Recursos Humanos.<\/p>\n<p>Dentre as principais an\u00e1lises e exames da \u00e1rea destacam-se revis\u00f5es de c\u00e1lculos da Folha de Pagamento, verifica\u00e7\u00e3o da documenta\u00e7\u00e3o do processo de Admiss\u00f5es\/ Rescis\u00f5es e outros aspectos trabalhistas, atendimento aos Normativos Previdenci\u00e1rios, Seguran\u00e7a e Medicina do Trabalho, inspe\u00e7\u00e3o e confer\u00eancia de Declara\u00e7\u00f5es Acess\u00f3rias e outras com vistas a evitar futuros passivos trabalhistas, assim como multas e demais puni\u00e7\u00f5es decorrentes de fiscaliza\u00e7\u00f5es.[\/vc_column_text][\/vc_column][\/vc_row]<\/p>\n<\/div>","protected":false},"excerpt":{"rendered":"<p>[vc_row css_animation=&#8221;&#8221; row_type=&#8221;row&#8221; use_row_as_full_screen_section=&#8221;no&#8221; type=&#8221;full_width&#8221; angled_section=&#8221;no&#8221; text_align=&#8221;left&#8221; background_image_as_pattern=&#8221;without_pattern&#8221; z_index=&#8221;&#8221; css=&#8221;.vc_custom_1594933015573{padding-top: 5% !important;padding-right: 6% !important;padding-bottom: 5% !important;padding-left: 6% !important;}&#8221;][vc_column][vc_column_text]Possu\u00edmos t\u00e9cnicos especializados nas \u00e1reas Trabalhista e Previdenci\u00e1ria, oferecendo servi\u00e7os de auditoria e assessoria, visando \u00e0 adequa\u00e7\u00e3o e atendimento dos procedimentos que envolvem a \u00e1rea de Recursos Humanos&#8230;.<\/p>\n","protected":false},"author":1,"featured_media":0,"parent":273,"menu_order":0,"comment_status":"closed","ping_status":"closed","template":"full_width.php","meta":{"_joinchat":[],"footnotes":""},"class_list":["post-1396","page","type-page","status-publish","hentry"],"_links":{"self":[{"href":"https:\/\/www.vgaauditores.com.br\/web\/wp-json\/wp\/v2\/pages\/1396","targetHints":{"allow":["GET"]}}],"collection":[{"href":"https:\/\/www.vgaauditores.com.br\/web\/wp-json\/wp\/v2\/pages"}],"about":[{"href":"https:\/\/www.vgaauditores.com.br\/web\/wp-json\/wp\/v2\/types\/page"}],"author":[{"embeddable":true,"href":"https:\/\/www.vgaauditores.com.br\/web\/wp-json\/wp\/v2\/users\/1"}],"replies":[{"embeddable":true,"href":"https:\/\/www.vgaauditores.com.br\/web\/wp-json\/wp\/v2\/comments?post=1396"}],"version-history":[{"count":1,"href":"https:\/\/www.vgaauditores.com.br\/web\/wp-json\/wp\/v2\/pages\/1396\/revisions"}],"predecessor-version":[{"id":1398,"href":"https:\/\/www.vgaauditores.com.br\/web\/wp-json\/wp\/v2\/pages\/1396\/revisions\/1398"}],"up":[{"embeddable":true,"href":"https:\/\/www.vgaauditores.com.br\/web\/wp-json\/wp\/v2\/pages\/273"}],"wp:attachment":[{"href":"https:\/\/www.vgaauditores.com.br\/web\/wp-json\/wp\/v2\/media?parent=1396"}],"curies":[{"name":"wp","href":"https:\/\/api.w.org\/{rel}","templated":true}]}}