{"id":1395,"date":"2020-07-17T10:05:03","date_gmt":"2020-07-17T13:05:03","guid":{"rendered":"http:\/\/www.vgaauditores.com.br\/web\/?page_id=1395"},"modified":"2020-09-08T11:31:47","modified_gmt":"2020-09-08T14:31:47","slug":"auditoria-operacional-e-de-processos","status":"publish","type":"page","link":"https:\/\/www.vgaauditores.com.br\/web\/servicos\/auditoria-operacional-e-de-processos\/","title":{"rendered":"Auditoria operacional e de processos"},"content":{"rendered":"<div class=\"wpb-content-wrapper\"><p>[vc_row css_animation=&#8221;&#8221; row_type=&#8221;row&#8221; use_row_as_full_screen_section=&#8221;no&#8221; type=&#8221;full_width&#8221; angled_section=&#8221;no&#8221; text_align=&#8221;left&#8221; background_image_as_pattern=&#8221;without_pattern&#8221; z_index=&#8221;&#8221; css=&#8221;.vc_custom_1594933015573{padding-top: 5% !important;padding-right: 6% !important;padding-bottom: 5% !important;padding-left: 6% !important;}&#8221;][vc_column][vc_column_text]A auditoria oferece prote\u00e7\u00e3o ao patrim\u00f4nio das Empresas, dando maior seguran\u00e7a e garantia a administradores, propriet\u00e1rios, financiadores e demais interessados. A atua\u00e7\u00e3o da\u00a0<strong>VGA Auditores Independentes<\/strong>\u00a0em servi\u00e7os de Auditoria Operacional e de Processos confere melhorias em diversas \u00e1reas da Organiza\u00e7\u00e3o.<\/p>\n<p>Dentre os trabalhos destinam-se a revis\u00e3o detalhada dos ciclos operacionais da Empresa, como: Compras, Vendas, Contas a Receber, Contas a Pagar, Pagamentos, Recebimentos, Financeiro, Estoques, Contrata\u00e7\u00e3o de Servi\u00e7os, Custos, entre outros. Tais revis\u00f5es permitem como contrapartida ao Cliente efici\u00eancia, efic\u00e1cia, seguran\u00e7a, redu\u00e7\u00e3o de custos e maximiza\u00e7\u00e3o de resultados em suas opera\u00e7\u00f5es.[\/vc_column_text][\/vc_column][\/vc_row]<\/p>\n<\/div>","protected":false},"excerpt":{"rendered":"<p>[vc_row css_animation=&#8221;&#8221; row_type=&#8221;row&#8221; use_row_as_full_screen_section=&#8221;no&#8221; type=&#8221;full_width&#8221; angled_section=&#8221;no&#8221; text_align=&#8221;left&#8221; background_image_as_pattern=&#8221;without_pattern&#8221; z_index=&#8221;&#8221; css=&#8221;.vc_custom_1594933015573{padding-top: 5% !important;padding-right: 6% !important;padding-bottom: 5% !important;padding-left: 6% !important;}&#8221;][vc_column][vc_column_text]A auditoria oferece prote\u00e7\u00e3o ao patrim\u00f4nio das Empresas, dando maior seguran\u00e7a e garantia a administradores, propriet\u00e1rios, financiadores e demais interessados. A atua\u00e7\u00e3o da\u00a0VGA Auditores Independentes\u00a0em servi\u00e7os de Auditoria&#8230;<\/p>\n","protected":false},"author":1,"featured_media":0,"parent":273,"menu_order":0,"comment_status":"closed","ping_status":"closed","template":"full_width.php","meta":{"_joinchat":[],"footnotes":""},"class_list":["post-1395","page","type-page","status-publish","hentry"],"_links":{"self":[{"href":"https:\/\/www.vgaauditores.com.br\/web\/wp-json\/wp\/v2\/pages\/1395","targetHints":{"allow":["GET"]}}],"collection":[{"href":"https:\/\/www.vgaauditores.com.br\/web\/wp-json\/wp\/v2\/pages"}],"about":[{"href":"https:\/\/www.vgaauditores.com.br\/web\/wp-json\/wp\/v2\/types\/page"}],"author":[{"embeddable":true,"href":"https:\/\/www.vgaauditores.com.br\/web\/wp-json\/wp\/v2\/users\/1"}],"replies":[{"embeddable":true,"href":"https:\/\/www.vgaauditores.com.br\/web\/wp-json\/wp\/v2\/comments?post=1395"}],"version-history":[{"count":1,"href":"https:\/\/www.vgaauditores.com.br\/web\/wp-json\/wp\/v2\/pages\/1395\/revisions"}],"predecessor-version":[{"id":1397,"href":"https:\/\/www.vgaauditores.com.br\/web\/wp-json\/wp\/v2\/pages\/1395\/revisions\/1397"}],"up":[{"embeddable":true,"href":"https:\/\/www.vgaauditores.com.br\/web\/wp-json\/wp\/v2\/pages\/273"}],"wp:attachment":[{"href":"https:\/\/www.vgaauditores.com.br\/web\/wp-json\/wp\/v2\/media?parent=1395"}],"curies":[{"name":"wp","href":"https:\/\/api.w.org\/{rel}","templated":true}]}}