{"id":1393,"date":"2020-07-17T10:04:05","date_gmt":"2020-07-17T13:04:05","guid":{"rendered":"http:\/\/www.vgaauditores.com.br\/web\/?page_id=1393"},"modified":"2020-09-08T11:31:21","modified_gmt":"2020-09-08T14:31:21","slug":"auditorias-externas-independentes-em-condominios","status":"publish","type":"page","link":"https:\/\/www.vgaauditores.com.br\/web\/servicos\/auditorias-externas-independentes-em-condominios\/","title":{"rendered":"Auditorias externas independentes em condom\u00ednios"},"content":{"rendered":"<div class=\"wpb-content-wrapper\"><p>[vc_row css_animation=&#8221;&#8221; row_type=&#8221;row&#8221; use_row_as_full_screen_section=&#8221;no&#8221; type=&#8221;full_width&#8221; angled_section=&#8221;no&#8221; text_align=&#8221;left&#8221; background_image_as_pattern=&#8221;without_pattern&#8221; z_index=&#8221;&#8221; css=&#8221;.vc_custom_1594933015573{padding-top: 5% !important;padding-right: 6% !important;padding-bottom: 5% !important;padding-left: 6% !important;}&#8221;][vc_column][vc_column_text]A Auditoria Condominial \u00e9 considerada uma ferramenta de aux\u00edlio na gest\u00e3o do s\u00edndico e na preven\u00e7\u00e3o de preju\u00edzos decorrentes de fraudes ou falta de conhecimento dos princ\u00edpios da administra\u00e7\u00e3o pelos gestores.<\/p>\n<p>Seu objetivo \u00e9 fornecer mais seguran\u00e7a e transpar\u00eancia acerca da gest\u00e3o exercida pelo s\u00edndico e administradora do condom\u00ednio, gerando prosperidade\u00a0dos condom\u00ednios, em observ\u00e2ncia aos princ\u00edpios\u00a0\u00e9ticos, morais e profissionais.<\/p>\n<p>Pode ser realizada nas modalidades:<\/p>\n<ul>\n<li><strong>INVESTIGATIVA<\/strong><\/li>\n<\/ul>\n<p>Ideal para quem est\u00e1 com a pulga atr\u00e1s da orelha e desconfia da exist\u00eancia de ilegalidades no gerenciamento das contas condominiais. A inten\u00e7\u00e3o \u00e9 obter provas de fraudes, superfaturamentos ou desvios de verbas, visando\u00a0destituir ou penalizar os culpados.<\/p>\n<ul>\n<li><strong>PREVENTIVA<\/strong><\/li>\n<\/ul>\n<p>Ocorre com certa periodicidade e, como o nome j\u00e1 diz, auxilia o gestor a colocar as coisas nos eixos, organizando os processos para que n\u00e3o surjam grandes problemas. Ela tem o papel de identificar poss\u00edveis erros cont\u00e1beis na administra\u00e7\u00e3o, buscando evitar problemas futuros. \u00c9 a op\u00e7\u00e3o certa para os condom\u00ednios que querem revisar as contas, reduzir gastos e aperfei\u00e7oar os processos administrativos.[\/vc_column_text][\/vc_column][\/vc_row]<\/p>\n<\/div>","protected":false},"excerpt":{"rendered":"<p>[vc_row css_animation=&#8221;&#8221; row_type=&#8221;row&#8221; use_row_as_full_screen_section=&#8221;no&#8221; type=&#8221;full_width&#8221; angled_section=&#8221;no&#8221; text_align=&#8221;left&#8221; background_image_as_pattern=&#8221;without_pattern&#8221; z_index=&#8221;&#8221; css=&#8221;.vc_custom_1594933015573{padding-top: 5% !important;padding-right: 6% !important;padding-bottom: 5% !important;padding-left: 6% !important;}&#8221;][vc_column][vc_column_text]A Auditoria Condominial \u00e9 considerada uma ferramenta de aux\u00edlio na gest\u00e3o do s\u00edndico e na preven\u00e7\u00e3o de preju\u00edzos decorrentes de fraudes ou falta de conhecimento dos princ\u00edpios da&#8230;<\/p>\n","protected":false},"author":1,"featured_media":0,"parent":273,"menu_order":0,"comment_status":"closed","ping_status":"closed","template":"full_width.php","meta":{"_joinchat":[],"footnotes":""},"class_list":["post-1393","page","type-page","status-publish","hentry"],"_links":{"self":[{"href":"https:\/\/www.vgaauditores.com.br\/web\/wp-json\/wp\/v2\/pages\/1393","targetHints":{"allow":["GET"]}}],"collection":[{"href":"https:\/\/www.vgaauditores.com.br\/web\/wp-json\/wp\/v2\/pages"}],"about":[{"href":"https:\/\/www.vgaauditores.com.br\/web\/wp-json\/wp\/v2\/types\/page"}],"author":[{"embeddable":true,"href":"https:\/\/www.vgaauditores.com.br\/web\/wp-json\/wp\/v2\/users\/1"}],"replies":[{"embeddable":true,"href":"https:\/\/www.vgaauditores.com.br\/web\/wp-json\/wp\/v2\/comments?post=1393"}],"version-history":[{"count":1,"href":"https:\/\/www.vgaauditores.com.br\/web\/wp-json\/wp\/v2\/pages\/1393\/revisions"}],"predecessor-version":[{"id":1394,"href":"https:\/\/www.vgaauditores.com.br\/web\/wp-json\/wp\/v2\/pages\/1393\/revisions\/1394"}],"up":[{"embeddable":true,"href":"https:\/\/www.vgaauditores.com.br\/web\/wp-json\/wp\/v2\/pages\/273"}],"wp:attachment":[{"href":"https:\/\/www.vgaauditores.com.br\/web\/wp-json\/wp\/v2\/media?parent=1393"}],"curies":[{"name":"wp","href":"https:\/\/api.w.org\/{rel}","templated":true}]}}