{"id":1391,"date":"2020-07-17T10:03:02","date_gmt":"2020-07-17T13:03:02","guid":{"rendered":"http:\/\/www.vgaauditores.com.br\/web\/?page_id=1391"},"modified":"2022-03-31T10:58:14","modified_gmt":"2022-03-31T13:58:14","slug":"due-diligence-e-pre-due-diligence","status":"publish","type":"page","link":"https:\/\/www.vgaauditores.com.br\/web\/servicos\/due-diligence-e-pre-due-diligence\/","title":{"rendered":"Due diligence e pr\u00e9-due diligence"},"content":{"rendered":"<div class=\"wpb-content-wrapper\"><p>[vc_row css_animation=&#8221;&#8221; row_type=&#8221;row&#8221; use_row_as_full_screen_section=&#8221;no&#8221; type=&#8221;full_width&#8221; angled_section=&#8221;no&#8221; text_align=&#8221;left&#8221; background_image_as_pattern=&#8221;without_pattern&#8221; z_index=&#8221;&#8221; css=&#8221;.vc_custom_1648734795249{padding-top: 5% !important;padding-right: 6% !important;padding-bottom: 5% !important;padding-left: 6% !important;}&#8221;][vc_column][vc_column_text]<em>Due Diligenc<\/em>e \u00e9 uma terminologia comumente utilizada nos processos de aquisi\u00e7\u00f5es corporativas para se referir ao processo de busca de informa\u00e7\u00f5es sobre uma empresa. Essa investiga\u00e7\u00e3o, com autoriza\u00e7\u00e3o da empresa a ser adquirida, inclui uma an\u00e1lise nas \u00e1reas de atividades, as possibilidades e perspectivas para o futuro do neg\u00f3cio e o estado de seus ativos e passivos.<\/p>\n<p>Esse processo de\u00a0<em>Due Diligence<\/em>\u00a0busca obter para o investidor, um diagn\u00f3stico necess\u00e1rio para valorizar e fixar de forma objetiva o pre\u00e7o final de uma opera\u00e7\u00e3o de aquisi\u00e7\u00e3o de empresas, a forma de estruturar a transa\u00e7\u00e3o e a exig\u00eancia de garantias. Normalmente essa an\u00e1lise inclui as \u00e1reas financeira, operacional, sistemas de informa\u00e7\u00e3o, fiscal-cont\u00e1bil, legal e de riscos e seguros.<\/p>\n<p><strong><em>\u00a0<\/em><\/strong>J\u00e1 em uma <strong><em>Pr\u00e9<\/em>\u00a0<em>Due\u00a0Diligence<\/em><\/strong>\u00a0 h\u00e1 objetivo especial de identificar previamente atos, fatos e procedimentos que n\u00e3o est\u00e3o de acordo com a legisla\u00e7\u00e3o aplic\u00e1vel \u00e0 empresa diligenciada, assim como demais inconformidades em processos internos.<\/p>\n<p>Neste diagn\u00f3stico, poder\u00e1 haver sugest\u00f5es e\/ou medidas corretivas como forma de prevenir riscos e proceder ajustes para um processo futuro de due diligence mais tranquilo.[\/vc_column_text][\/vc_column][\/vc_row][vc_row css_animation=&#8221;&#8221; row_type=&#8221;row&#8221; use_row_as_full_screen_section=&#8221;no&#8221; type=&#8221;grid&#8221; angled_section=&#8221;no&#8221; text_align=&#8221;left&#8221; background_image_as_pattern=&#8221;without_pattern&#8221; z_index=&#8221;&#8221; css=&#8221;.vc_custom_1648734792008{padding-right: 6% !important;padding-left: 6% !important;}&#8221;][vc_column][vc_single_image image=&#8221;1755&#8243; img_size=&#8221;215&#215;215&#8243; qode_css_animation=&#8221;&#8221;][vc_empty_space]<a  itemprop=\"url\" href=\"http:\/\/www.vgaauditores.com.br\/web\/e-books\/\" target=\"_self\"  class=\"qbutton  default\" style=\"\">Baixar E-book<i class=\"qode_icon_font_awesome fa fa-chevron-down qode_button_icon_element\" style=\"\" ><\/i><\/a>[\/vc_column][\/vc_row]<\/p>\n<\/div>","protected":false},"excerpt":{"rendered":"<p>[vc_row css_animation=&#8221;&#8221; row_type=&#8221;row&#8221; use_row_as_full_screen_section=&#8221;no&#8221; type=&#8221;full_width&#8221; angled_section=&#8221;no&#8221; text_align=&#8221;left&#8221; background_image_as_pattern=&#8221;without_pattern&#8221; z_index=&#8221;&#8221; css=&#8221;.vc_custom_1648734795249{padding-top: 5% !important;padding-right: 6% !important;padding-bottom: 5% !important;padding-left: 6% !important;}&#8221;][vc_column][vc_column_text]Due Diligence \u00e9 uma terminologia comumente utilizada nos processos de aquisi\u00e7\u00f5es corporativas para se referir ao processo de busca de informa\u00e7\u00f5es sobre uma empresa. Essa investiga\u00e7\u00e3o, com autoriza\u00e7\u00e3o&#8230;<\/p>\n","protected":false},"author":1,"featured_media":0,"parent":273,"menu_order":0,"comment_status":"closed","ping_status":"closed","template":"full_width.php","meta":{"_joinchat":[],"footnotes":""},"class_list":["post-1391","page","type-page","status-publish","hentry"],"_links":{"self":[{"href":"https:\/\/www.vgaauditores.com.br\/web\/wp-json\/wp\/v2\/pages\/1391","targetHints":{"allow":["GET"]}}],"collection":[{"href":"https:\/\/www.vgaauditores.com.br\/web\/wp-json\/wp\/v2\/pages"}],"about":[{"href":"https:\/\/www.vgaauditores.com.br\/web\/wp-json\/wp\/v2\/types\/page"}],"author":[{"embeddable":true,"href":"https:\/\/www.vgaauditores.com.br\/web\/wp-json\/wp\/v2\/users\/1"}],"replies":[{"embeddable":true,"href":"https:\/\/www.vgaauditores.com.br\/web\/wp-json\/wp\/v2\/comments?post=1391"}],"version-history":[{"count":5,"href":"https:\/\/www.vgaauditores.com.br\/web\/wp-json\/wp\/v2\/pages\/1391\/revisions"}],"predecessor-version":[{"id":1897,"href":"https:\/\/www.vgaauditores.com.br\/web\/wp-json\/wp\/v2\/pages\/1391\/revisions\/1897"}],"up":[{"embeddable":true,"href":"https:\/\/www.vgaauditores.com.br\/web\/wp-json\/wp\/v2\/pages\/273"}],"wp:attachment":[{"href":"https:\/\/www.vgaauditores.com.br\/web\/wp-json\/wp\/v2\/media?parent=1391"}],"curies":[{"name":"wp","href":"https:\/\/api.w.org\/{rel}","templated":true}]}}