{"id":1389,"date":"2020-07-17T10:02:08","date_gmt":"2020-07-17T13:02:08","guid":{"rendered":"http:\/\/www.vgaauditores.com.br\/web\/?page_id=1389"},"modified":"2020-09-08T11:30:08","modified_gmt":"2020-09-08T14:30:08","slug":"auditoria-de-lei-de-informatica","status":"publish","type":"page","link":"https:\/\/www.vgaauditores.com.br\/web\/servicos\/auditoria-de-lei-de-informatica\/","title":{"rendered":"Auditoria de lei de inform\u00e1tica"},"content":{"rendered":"<div class=\"wpb-content-wrapper\"><p>[vc_row css_animation=&#8221;&#8221; row_type=&#8221;row&#8221; use_row_as_full_screen_section=&#8221;no&#8221; type=&#8221;full_width&#8221; angled_section=&#8221;no&#8221; text_align=&#8221;left&#8221; background_image_as_pattern=&#8221;without_pattern&#8221; z_index=&#8221;&#8221; css=&#8221;.vc_custom_1594933015573{padding-top: 5% !important;padding-right: 6% !important;padding-bottom: 5% !important;padding-left: 6% !important;}&#8221;][vc_column][vc_column_text]Inicialmente a Lei n\u00ba 8.248\/1991 previa incentivo fiscal em Pesquisa, Desenvolvimento &amp; Inova\u00e7\u00e3o, oferecendo redu\u00e7\u00e3o de IPI para produtos classificados como bens de inform\u00e1tica, objetivando investimentos e incremento em capacita\u00e7\u00e3o tecnol\u00f3gica.<\/p>\n<p>Em contrapartida, ao usufruir estes incentivos fiscais concedidos pela Lei de Inform\u00e1tica (LDI), a empresa benefici\u00e1ria tem que investir uma porcentagem m\u00ednima do faturamento bruto decorrente da comercializa\u00e7\u00e3o dos produtos incentivados (deduzidos os tributos correspondentes) em atividades de Pesquisa e Desenvolvimento.<\/p>\n<p>A partir do ano calend\u00e1rio de 2020, passou a vigorar a Lei 13.969\/2019, prevendo que:<\/p>\n<p>\u201cAs pessoas jur\u00eddicas fabricantes de bens de tecnologias da informa\u00e7\u00e3o e comunica\u00e7\u00e3o que investirem em atividades de pesquisa, desenvolvimento e inova\u00e7\u00e3o, que cumprirem o processo produtivo b\u00e1sico e que estiverem habilitadas nos termos da Lei n\u00ba 8.248, de 23 de outubro de 1991, far\u00e3o jus, at\u00e9 31 de dezembro de 2029, ao <strong>cr\u00e9dito financeiro.\u201d<\/strong><\/p>\n<p>Este cr\u00e9dito financeiro ser\u00e1 calculado sobre o disp\u00eandio efetivamente aplicado pela pessoa jur\u00eddica no trimestre anterior em atividade de pesquisa, desenvolvimento e inova\u00e7\u00e3o e multiplicado conforme hip\u00f3teses previstas no artigo 3\u00ba e anexo da referida Lei.<\/p>\n<p>Neste cen\u00e1rio, em 2018, a Lei n\u00ba 13.674 foi publicada, com altera\u00e7\u00f5es relevantes para o cen\u00e1rio de LDI, e uma das altera\u00e7\u00f5es foi a inser\u00e7\u00e3o da necessidade de contrata\u00e7\u00e3o de <strong>Auditoria Externa Independente <\/strong>como requisito para valida\u00e7\u00e3o dos Relat\u00f3rios Demonstrativos Anuais (RDA).<\/p>\n<p>A <strong>VGA Auditores Independentes<\/strong>, conta com uma parceria t\u00e9cnica que possui experi\u00eancia reconhecida no mercado de Pesquisa, Desenvolvimento e Inova\u00e7\u00e3o.<\/p>\n<p>O Grupo F.INICIATIVAS conta com 80% de profissionais formados em engenharia de distintas especialidades e possui escrit\u00f3rios espalhados pela EUROPA, ESTADOS UNIDOS e AM\u00c9RICA DO SUL, incluindo diversos estados do Brasil.[\/vc_column_text][\/vc_column][\/vc_row]<\/p>\n<\/div>","protected":false},"excerpt":{"rendered":"<p>[vc_row css_animation=&#8221;&#8221; row_type=&#8221;row&#8221; use_row_as_full_screen_section=&#8221;no&#8221; type=&#8221;full_width&#8221; angled_section=&#8221;no&#8221; text_align=&#8221;left&#8221; background_image_as_pattern=&#8221;without_pattern&#8221; z_index=&#8221;&#8221; css=&#8221;.vc_custom_1594933015573{padding-top: 5% !important;padding-right: 6% !important;padding-bottom: 5% !important;padding-left: 6% !important;}&#8221;][vc_column][vc_column_text]Inicialmente a Lei n\u00ba 8.248\/1991 previa incentivo fiscal em Pesquisa, Desenvolvimento &amp; Inova\u00e7\u00e3o, oferecendo redu\u00e7\u00e3o de IPI para produtos classificados como bens de inform\u00e1tica, objetivando investimentos e incremento&#8230;<\/p>\n","protected":false},"author":1,"featured_media":0,"parent":273,"menu_order":0,"comment_status":"closed","ping_status":"closed","template":"full_width.php","meta":{"_joinchat":[],"footnotes":""},"class_list":["post-1389","page","type-page","status-publish","hentry"],"_links":{"self":[{"href":"https:\/\/www.vgaauditores.com.br\/web\/wp-json\/wp\/v2\/pages\/1389","targetHints":{"allow":["GET"]}}],"collection":[{"href":"https:\/\/www.vgaauditores.com.br\/web\/wp-json\/wp\/v2\/pages"}],"about":[{"href":"https:\/\/www.vgaauditores.com.br\/web\/wp-json\/wp\/v2\/types\/page"}],"author":[{"embeddable":true,"href":"https:\/\/www.vgaauditores.com.br\/web\/wp-json\/wp\/v2\/users\/1"}],"replies":[{"embeddable":true,"href":"https:\/\/www.vgaauditores.com.br\/web\/wp-json\/wp\/v2\/comments?post=1389"}],"version-history":[{"count":2,"href":"https:\/\/www.vgaauditores.com.br\/web\/wp-json\/wp\/v2\/pages\/1389\/revisions"}],"predecessor-version":[{"id":1445,"href":"https:\/\/www.vgaauditores.com.br\/web\/wp-json\/wp\/v2\/pages\/1389\/revisions\/1445"}],"up":[{"embeddable":true,"href":"https:\/\/www.vgaauditores.com.br\/web\/wp-json\/wp\/v2\/pages\/273"}],"wp:attachment":[{"href":"https:\/\/www.vgaauditores.com.br\/web\/wp-json\/wp\/v2\/media?parent=1389"}],"curies":[{"name":"wp","href":"https:\/\/api.w.org\/{rel}","templated":true}]}}