{"id":1379,"date":"2020-07-16T17:58:06","date_gmt":"2020-07-16T20:58:06","guid":{"rendered":"http:\/\/www.vgaauditores.com.br\/web\/?page_id=1379"},"modified":"2020-09-10T14:32:29","modified_gmt":"2020-09-10T17:32:29","slug":"auditoria-360","status":"publish","type":"page","link":"https:\/\/www.vgaauditores.com.br\/web\/servicos\/auditoria-360\/","title":{"rendered":"Auditoria 360\u00ba"},"content":{"rendered":"<div class=\"wpb-content-wrapper\"><p>[vc_row css_animation=&#8221;&#8221; row_type=&#8221;row&#8221; use_row_as_full_screen_section=&#8221;no&#8221; type=&#8221;full_width&#8221; angled_section=&#8221;no&#8221; text_align=&#8221;left&#8221; background_image_as_pattern=&#8221;without_pattern&#8221; z_index=&#8221;&#8221; css=&#8221;.vc_custom_1594933015573{padding-top: 5% !important;padding-right: 6% !important;padding-bottom: 5% !important;padding-left: 6% !important;}&#8221;][vc_column][vc_column_text]<\/p>\n<h5 style=\"text-align: left;\">A Auditoria 360\u00ba prev\u00ea um diagn\u00f3stico completo da empresa, com as seguintes etapas:<\/h5>\n<p>[\/vc_column_text][\/vc_column][\/vc_row][vc_row css_animation=&#8221;&#8221; row_type=&#8221;row&#8221; use_row_as_full_screen_section=&#8221;no&#8221; type=&#8221;full_width&#8221; angled_section=&#8221;no&#8221; text_align=&#8221;left&#8221; background_image_as_pattern=&#8221;without_pattern&#8221; css=&#8221;.vc_custom_1594933343674{padding-right: 6% !important;padding-bottom: 5% !important;padding-left: 6% !important;}&#8221; z_index=&#8221;&#8221;][vc_column width=&#8221;1\/5&#8243;][vc_column_text]<strong>1. Vis\u00e3o integrada das principais \u00e1reas e processos da empresa;<\/strong><\/p>\n<p>\u2022 Analisar a Cadeia de Valor da Entidade<br \/>\n\u2022 Mapeamento das \u00e1reas-chave<br \/>\n\u2022 Identifica\u00e7\u00e3o dos principais processos e fluxos<br \/>\n\u2022 Valida\u00e7\u00e3o dos processos do escopo para identifica\u00e7\u00e3o de melhorias e riscos (Ishikawa)<br \/>\n\u2022 Estabelecer um Plano de A\u00e7\u00e3o com base no 5w2h<br \/>\n\u2022 Analisar se existe planejamento estrat\u00e9gico vigente e clara miss\u00e3o, vis\u00e3o e valores<\/p>\n<p>[\/vc_column_text][\/vc_column][vc_column width=&#8221;1\/5&#8243;][vc_column_text]<strong>2. Identifica\u00e7\u00e3o, estudo e an\u00e1lise qualitativa e quantitativa das receitas, custos e despesas, buscando otimiza\u00e7\u00e3o de processos, e aumento de efici\u00eancia;<\/strong><\/p>\n<p>\u2022 Levantamento das principais receitas, despesas e custos exerc\u00edcio anterior e corrente<br \/>\n\u2022 Identifica\u00e7\u00e3o e an\u00e1lise comparativa das receitas, despesas e custos do exerc\u00edcio anterior e corrente<br \/>\n\u2022 An\u00e1lise de custos, volume e lucro e formula\u00e7\u00e3o de pre\u00e7o, com defini\u00e7\u00e3o de margem de contribui\u00e7\u00e3o, ponto de equil\u00edbrio e margem de seguran\u00e7a<\/p>\n<p>[\/vc_column_text][\/vc_column][vc_column width=&#8221;1\/5&#8243;][vc_column_text]<strong>3. Avalia\u00e7\u00e3o dos controles internos, buscando identificar e propor melhorias urgentes e importantes com base em an\u00e1lise de risco e compliance;<\/strong><\/p>\n<p>\u2022 Entendimento dos fluxos das opera\u00e7\u00f5es-chave com verifica\u00e7\u00e3o dos controles internos aplicados;<br \/>\n\u2022 An\u00e1lise dos normativos e procedimentos internos aplicados<br \/>\n\u2022 Levantamento de pontos de risco e de melhorias urgentes<br \/>\n\u2022 Verifica\u00e7\u00e3o de compliance<\/p>\n<p>[\/vc_column_text][\/vc_column][vc_column width=&#8221;1\/5&#8243;][vc_column_text]<strong>4. Reporte e orienta\u00e7\u00e3o aos s\u00f3cios sobre aspectos gerenciais, fiscais, financeiros e cont\u00e1beis<\/strong><br \/>\n\u2022 Emiss\u00e3o de Relat\u00f3rio detalhado sobre cada uma das etapas descritas<br \/>\n\u2022 Apresenta\u00e7\u00e3o dos Resultados<br \/>\n\u2022 Direcionamento das a\u00e7\u00f5es por prioridade[\/vc_column_text][\/vc_column][vc_column width=&#8221;1\/5&#8243;][vc_column_text]<strong>5. Controle efetivo da rentabilidade, riscos e oportunidades do neg\u00f3cio<\/strong><br \/>\n\u2022 Elabora\u00e7\u00e3o do Plano de A\u00e7\u00e3o por \u00e1rea, com atribui\u00e7\u00e3o de respons\u00e1vel, a\u00e7\u00e3o, prazo e recursos<br \/>\n\u2022 Monitoramento cont\u00ednuo do Plano elaborado, com cobran\u00e7a das a\u00e7\u00f5es e prazos<br \/>\n\u2022 Reporte peri\u00f3dico da evolu\u00e7\u00e3o[\/vc_column_text][\/vc_column][\/vc_row][vc_row css_animation=&#8221;&#8221; row_type=&#8221;row&#8221; use_row_as_full_screen_section=&#8221;no&#8221; type=&#8221;full_width&#8221; angled_section=&#8221;no&#8221; text_align=&#8221;left&#8221; background_image_as_pattern=&#8221;without_pattern&#8221;][vc_column][vc_single_image image=&#8221;1451&#8243; img_size=&#8221;full&#8221; qode_css_animation=&#8221;&#8221;][\/vc_column][\/vc_row]<\/p>\n<\/div>","protected":false},"excerpt":{"rendered":"<p>[vc_row css_animation=&#8221;&#8221; row_type=&#8221;row&#8221; use_row_as_full_screen_section=&#8221;no&#8221; type=&#8221;full_width&#8221; angled_section=&#8221;no&#8221; text_align=&#8221;left&#8221; background_image_as_pattern=&#8221;without_pattern&#8221; z_index=&#8221;&#8221; css=&#8221;.vc_custom_1594933015573{padding-top: 5% !important;padding-right: 6% !important;padding-bottom: 5% !important;padding-left: 6% !important;}&#8221;][vc_column][vc_column_text] A Auditoria 360\u00ba prev\u00ea um diagn\u00f3stico completo da empresa, com as seguintes etapas: [\/vc_column_text][\/vc_column][\/vc_row][vc_row css_animation=&#8221;&#8221; row_type=&#8221;row&#8221; use_row_as_full_screen_section=&#8221;no&#8221; type=&#8221;full_width&#8221; angled_section=&#8221;no&#8221; text_align=&#8221;left&#8221; background_image_as_pattern=&#8221;without_pattern&#8221; css=&#8221;.vc_custom_1594933343674{padding-right: 6% !important;padding-bottom: 5% !important;padding-left: 6%&#8230;<\/p>\n","protected":false},"author":1,"featured_media":0,"parent":273,"menu_order":0,"comment_status":"closed","ping_status":"closed","template":"full_width.php","meta":{"_joinchat":[],"footnotes":""},"class_list":["post-1379","page","type-page","status-publish","hentry"],"_links":{"self":[{"href":"https:\/\/www.vgaauditores.com.br\/web\/wp-json\/wp\/v2\/pages\/1379","targetHints":{"allow":["GET"]}}],"collection":[{"href":"https:\/\/www.vgaauditores.com.br\/web\/wp-json\/wp\/v2\/pages"}],"about":[{"href":"https:\/\/www.vgaauditores.com.br\/web\/wp-json\/wp\/v2\/types\/page"}],"author":[{"embeddable":true,"href":"https:\/\/www.vgaauditores.com.br\/web\/wp-json\/wp\/v2\/users\/1"}],"replies":[{"embeddable":true,"href":"https:\/\/www.vgaauditores.com.br\/web\/wp-json\/wp\/v2\/comments?post=1379"}],"version-history":[{"count":10,"href":"https:\/\/www.vgaauditores.com.br\/web\/wp-json\/wp\/v2\/pages\/1379\/revisions"}],"predecessor-version":[{"id":1452,"href":"https:\/\/www.vgaauditores.com.br\/web\/wp-json\/wp\/v2\/pages\/1379\/revisions\/1452"}],"up":[{"embeddable":true,"href":"https:\/\/www.vgaauditores.com.br\/web\/wp-json\/wp\/v2\/pages\/273"}],"wp:attachment":[{"href":"https:\/\/www.vgaauditores.com.br\/web\/wp-json\/wp\/v2\/media?parent=1379"}],"curies":[{"name":"wp","href":"https:\/\/api.w.org\/{rel}","templated":true}]}}