{"id":1371,"date":"2020-07-16T17:52:43","date_gmt":"2020-07-16T20:52:43","guid":{"rendered":"http:\/\/www.vgaauditores.com.br\/web\/?page_id=1371"},"modified":"2022-03-31T10:57:16","modified_gmt":"2022-03-31T13:57:16","slug":"auditoria-externa-independente-sobre-as-demonstracoes-contabeis","status":"publish","type":"page","link":"https:\/\/www.vgaauditores.com.br\/web\/servicos\/auditoria-externa-independente-sobre-as-demonstracoes-contabeis\/","title":{"rendered":"Auditoria externa independente sobre as demonstra\u00e7\u00f5es cont\u00e1beis"},"content":{"rendered":"<div class=\"wpb-content-wrapper\"><p>[vc_row css_animation=&#8221;&#8221; row_type=&#8221;row&#8221; use_row_as_full_screen_section=&#8221;no&#8221; type=&#8221;full_width&#8221; angled_section=&#8221;no&#8221; text_align=&#8221;left&#8221; background_image_as_pattern=&#8221;without_pattern&#8221; z_index=&#8221;&#8221; css=&#8221;.vc_custom_1594933015573{padding-top: 5% !important;padding-right: 6% !important;padding-bottom: 5% !important;padding-left: 6% !important;}&#8221;][vc_column][vc_column_text]A Auditoria Independente garante confian\u00e7a aos acionistas, investidores e demais interessados, por verificar se as demonstra\u00e7\u00f5es cont\u00e1beis das entidades refletem, em todos os aspectos relevantes, a sua real situa\u00e7\u00e3o financeira, patrimonial e econ\u00f4mica, bem como se os controles internos adotados s\u00e3o satisfat\u00f3rios.<\/p>\n<p>A\u00a0<strong>VGA Auditores Independentes<\/strong>\u00a0atua dando suporte \u00e0 cria\u00e7\u00e3o de controles internos competentes em seus clientes, de modo a tornar m\u00ednima a ocorr\u00eancia de fraudes, erros e quaisquer atos de corrup\u00e7\u00e3o. Al\u00e9m disso, avaliamos as medidas adotadas nas empresas, o acompanhamento de resultados, a certifica\u00e7\u00e3o da veracidade das informa\u00e7\u00f5es contidas nas demonstra\u00e7\u00f5es cont\u00e1beis, justamente para gerar credibilidade aos neg\u00f3cios e tamb\u00e9m para o p\u00fablico externo das entidades auditadas.[\/vc_column_text][\/vc_column][\/vc_row][vc_row css_animation=&#8221;&#8221; row_type=&#8221;row&#8221; use_row_as_full_screen_section=&#8221;no&#8221; type=&#8221;grid&#8221; angled_section=&#8221;no&#8221; text_align=&#8221;left&#8221; background_image_as_pattern=&#8221;without_pattern&#8221; z_index=&#8221;&#8221; css=&#8221;.vc_custom_1648734792008{padding-right: 6% !important;padding-left: 6% !important;}&#8221;][vc_column][vc_single_image image=&#8221;1750&#8243; img_size=&#8221;220&#215;220&#8243; qode_css_animation=&#8221;&#8221;][vc_empty_space]<a  itemprop=\"url\" href=\"http:\/\/www.vgaauditores.com.br\/web\/e-books\/\" target=\"_self\"  class=\"qbutton  default\" style=\"\">Baixar E-book<i class=\"qode_icon_font_awesome fa fa-chevron-down qode_button_icon_element\" style=\"\" ><\/i><\/a>[\/vc_column][\/vc_row]<\/p>\n<\/div>","protected":false},"excerpt":{"rendered":"<p>[vc_row css_animation=&#8221;&#8221; row_type=&#8221;row&#8221; use_row_as_full_screen_section=&#8221;no&#8221; type=&#8221;full_width&#8221; angled_section=&#8221;no&#8221; text_align=&#8221;left&#8221; background_image_as_pattern=&#8221;without_pattern&#8221; z_index=&#8221;&#8221; css=&#8221;.vc_custom_1594933015573{padding-top: 5% !important;padding-right: 6% !important;padding-bottom: 5% !important;padding-left: 6% !important;}&#8221;][vc_column][vc_column_text]A Auditoria Independente garante confian\u00e7a aos acionistas, investidores e demais interessados, por verificar se as demonstra\u00e7\u00f5es cont\u00e1beis das entidades refletem, em todos os aspectos relevantes, a sua real&#8230;<\/p>\n","protected":false},"author":1,"featured_media":0,"parent":273,"menu_order":0,"comment_status":"closed","ping_status":"closed","template":"full_width.php","meta":{"_joinchat":[],"footnotes":""},"class_list":["post-1371","page","type-page","status-publish","hentry"],"_links":{"self":[{"href":"https:\/\/www.vgaauditores.com.br\/web\/wp-json\/wp\/v2\/pages\/1371","targetHints":{"allow":["GET"]}}],"collection":[{"href":"https:\/\/www.vgaauditores.com.br\/web\/wp-json\/wp\/v2\/pages"}],"about":[{"href":"https:\/\/www.vgaauditores.com.br\/web\/wp-json\/wp\/v2\/types\/page"}],"author":[{"embeddable":true,"href":"https:\/\/www.vgaauditores.com.br\/web\/wp-json\/wp\/v2\/users\/1"}],"replies":[{"embeddable":true,"href":"https:\/\/www.vgaauditores.com.br\/web\/wp-json\/wp\/v2\/comments?post=1371"}],"version-history":[{"count":12,"href":"https:\/\/www.vgaauditores.com.br\/web\/wp-json\/wp\/v2\/pages\/1371\/revisions"}],"predecessor-version":[{"id":1896,"href":"https:\/\/www.vgaauditores.com.br\/web\/wp-json\/wp\/v2\/pages\/1371\/revisions\/1896"}],"up":[{"embeddable":true,"href":"https:\/\/www.vgaauditores.com.br\/web\/wp-json\/wp\/v2\/pages\/273"}],"wp:attachment":[{"href":"https:\/\/www.vgaauditores.com.br\/web\/wp-json\/wp\/v2\/media?parent=1371"}],"curies":[{"name":"wp","href":"https:\/\/api.w.org\/{rel}","templated":true}]}}