{"id":1367,"date":"2020-07-16T17:28:53","date_gmt":"2020-07-16T20:28:53","guid":{"rendered":"http:\/\/www.vgaauditores.com.br\/web\/?page_id=1367"},"modified":"2020-09-08T11:28:33","modified_gmt":"2020-09-08T14:28:33","slug":"valuation-avaliacoes-de-empresas-e-laudos","status":"publish","type":"page","link":"https:\/\/www.vgaauditores.com.br\/web\/servicos\/valuation-avaliacoes-de-empresas-e-laudos\/","title":{"rendered":"Valuation, Avalia\u00e7\u00f5es de Empresas e Laudos"},"content":{"rendered":"<div class=\"wpb-content-wrapper\"><p>[vc_row css_animation=&#8221;&#8221; row_type=&#8221;row&#8221; use_row_as_full_screen_section=&#8221;no&#8221; type=&#8221;full_width&#8221; angled_section=&#8221;no&#8221; text_align=&#8221;left&#8221; background_image_as_pattern=&#8221;without_pattern&#8221; css=&#8221;.vc_custom_1594991586898{padding-top: 5% !important;padding-right: 6% !important;padding-bottom: 5% !important;padding-left: 6% !important;}&#8221; z_index=&#8221;&#8221;][vc_column][vc_column_text]O servi\u00e7o de Valuation visa estimar quanto uma empresa vale, objetivando alcanc\u0327ar o valor justo de mercado por meio de um processo te\u0301cnico, baseado em premissas e metodologias, ou seja, o valor que representa de modo equilibrado, a potencialidade econo\u0302mica de determinada empresa.<\/p>\n<p>O processo de Valuation \u00e9 de extrema import\u00e2ncia para apurar o valor da empresa, o que \u00e9 essencial para:<\/p>\n<ul>\n<li><strong>processo de fus\u00e3o e aquisi\u00e7\u00e3o;<\/strong><\/li>\n<li><strong>analisar a viabilidade do neg\u00f3cio;<\/strong><\/li>\n<li><strong>quando ha\u0301 alterac\u0327a\u0303o na estrutura societa\u0301ria;<\/strong><\/li>\n<li><strong>na entrada de fundos de investimentos;<\/strong><\/li>\n<li><strong>avaliar o posicionamento de mercado;<\/strong><\/li>\n<li><strong>compra ou venda de startup.<\/strong><\/li>\n<\/ul>\n<p>[\/vc_column_text][vc_separator type=&#8221;normal&#8221;][vc_column_text]Entretanto, n\u00e3o se limita apenas a isso, \u00e9 fundamental como indicador estrat\u00e9gico para processo de tomada de decis\u00e3o e gest\u00e3o das empresas.<\/p>\n<p>Existem diversas metodologias para avalia\u00e7\u00e3o, tais como: Fluxo de Caixa Descontado, Avalia\u00e7\u00e3o por\u00a0M\u00faltiplos e Avalia\u00e7\u00e3o Patrimonial, que tem por objetivo determinar o valor intr\u00ednseco de uma empresa ou projeto.<\/p>\n<p>A <strong>VGA AUDITORES INDEPENTES<\/strong> inicia os trabalhos atrav\u00e9s de\u00a0diagn\u00f3stico, quando s\u00e3o levantadas as principais\u00a0caracter\u00edsticas estrat\u00e9gicas, mercadol\u00f3gicas e operacionais da empresa avaliada, para escolha de m\u00e9todo mais apropriada. Em seguida,\u00a0s\u00e3o realizadas as proje\u00e7\u00f5es dos demonstrativos financeiros\u00a0da empresa, por um determinado per\u00edodo, com\u00a0base em premissas de desempenho e proje\u00e7\u00f5es de mercado e da pr\u00f3proa Entidade.<\/p>\n<p>O resultado do Valuation \u00e9 um Laudo de Avalia\u00e7\u00e3o indicando um intervalo de valor justo da\u00a0empresa avaliada, detalhando todo o processo e metodologia, elaborado atrav\u00e9s de princi\u0301pios e\u0301ticos, integridade, objetividade e compete\u0302ncia, ale\u0301m da confidencialidade que o trabalho exige.<\/p>\n<p>Outra forma de se fazer a avalia\u00e7\u00e3o de uma Empresa \u00e9 pelo m\u00e9todo de <strong>Avalia\u00e7\u00e3o do Patrim\u00f4nio L\u00edquido Cont\u00e1bil Apurado por Meio dos Livros Cont\u00e1beis. <\/strong><\/p>\n<p>Esse m\u00e9todo consiste na confirma\u00e7\u00e3o, pelos auditores, de todos os bens, direitos e obriga\u00e7\u00f5es, devidamente registrados na contabilidade, que formam o patrim\u00f4nio l\u00edquido da empresa.<\/p>\n<p>\u00c9 bastante utilizado em processos de incorpora\u00e7\u00e3o, cis\u00e3o ou fus\u00e3o de entidades, de reestrutura\u00e7\u00f5es societ\u00e1rias, de retirada ou ingresso de s\u00f3cios, de encerramento de atividades, de opera\u00e7\u00f5es espec\u00edficas previstas em lei ou em norma de \u00f3rg\u00e3os reguladores.<\/p>\n<p>Um dos benef\u00edcios que justificam a grande demanda por esta forma de avalia\u00e7\u00e3o \u00e9 a economia fiscal, ou seja, esta opera\u00e7\u00e3o n\u00e3o sofre tributa\u00e7\u00e3o.[\/vc_column_text][\/vc_column][\/vc_row]<\/p>\n<\/div>","protected":false},"excerpt":{"rendered":"<p>[vc_row css_animation=&#8221;&#8221; row_type=&#8221;row&#8221; use_row_as_full_screen_section=&#8221;no&#8221; type=&#8221;full_width&#8221; angled_section=&#8221;no&#8221; text_align=&#8221;left&#8221; background_image_as_pattern=&#8221;without_pattern&#8221; css=&#8221;.vc_custom_1594991586898{padding-top: 5% !important;padding-right: 6% !important;padding-bottom: 5% !important;padding-left: 6% !important;}&#8221; z_index=&#8221;&#8221;][vc_column][vc_column_text]O servi\u00e7o de Valuation visa estimar quanto uma empresa vale, objetivando alcanc\u0327ar o valor justo de mercado por meio de um processo te\u0301cnico, baseado em premissas e metodologias,&#8230;<\/p>\n","protected":false},"author":1,"featured_media":0,"parent":273,"menu_order":0,"comment_status":"closed","ping_status":"closed","template":"full_width.php","meta":{"_joinchat":[],"footnotes":""},"class_list":["post-1367","page","type-page","status-publish","hentry"],"_links":{"self":[{"href":"https:\/\/www.vgaauditores.com.br\/web\/wp-json\/wp\/v2\/pages\/1367","targetHints":{"allow":["GET"]}}],"collection":[{"href":"https:\/\/www.vgaauditores.com.br\/web\/wp-json\/wp\/v2\/pages"}],"about":[{"href":"https:\/\/www.vgaauditores.com.br\/web\/wp-json\/wp\/v2\/types\/page"}],"author":[{"embeddable":true,"href":"https:\/\/www.vgaauditores.com.br\/web\/wp-json\/wp\/v2\/users\/1"}],"replies":[{"embeddable":true,"href":"https:\/\/www.vgaauditores.com.br\/web\/wp-json\/wp\/v2\/comments?post=1367"}],"version-history":[{"count":5,"href":"https:\/\/www.vgaauditores.com.br\/web\/wp-json\/wp\/v2\/pages\/1367\/revisions"}],"predecessor-version":[{"id":1431,"href":"https:\/\/www.vgaauditores.com.br\/web\/wp-json\/wp\/v2\/pages\/1367\/revisions\/1431"}],"up":[{"embeddable":true,"href":"https:\/\/www.vgaauditores.com.br\/web\/wp-json\/wp\/v2\/pages\/273"}],"wp:attachment":[{"href":"https:\/\/www.vgaauditores.com.br\/web\/wp-json\/wp\/v2\/media?parent=1367"}],"curies":[{"name":"wp","href":"https:\/\/api.w.org\/{rel}","templated":true}]}}