{"id":1333,"date":"2020-06-25T11:33:30","date_gmt":"2020-06-25T14:33:30","guid":{"rendered":"http:\/\/www.vgaauditores.com.br\/web\/?page_id=1333"},"modified":"2022-03-31T10:48:47","modified_gmt":"2022-03-31T13:48:47","slug":"blog","status":"publish","type":"page","link":"https:\/\/www.vgaauditores.com.br\/web\/blog\/","title":{"rendered":"Blog"},"content":{"rendered":"<div class=\"wpb-content-wrapper\"><p>[vc_row css_animation=&#8221;&#8221; row_type=&#8221;row&#8221; use_row_as_full_screen_section=&#8221;no&#8221; type=&#8221;grid&#8221; angled_section=&#8221;no&#8221; text_align=&#8221;center&#8221; background_image_as_pattern=&#8221;without_pattern&#8221; z_index=&#8221;&#8221; background_color=&#8221;#f6f6f6&#8243;][vc_column][vc_empty_space height=&#8221;50px&#8221;][vc_text_separator title=&#8221;Blog VGA&#8221; border=&#8221;no&#8221;][vc_empty_space height=&#8221;50px&#8221;]\n<div class='latest_post_holder boxes three_columns one_row' >\n    <ul>\n    \n        <li class=\"clearfix\">\n            <div class=\"boxes_image\">\n                                <a itemprop=\"url\" href=\"https:\/\/www.vgaauditores.com.br\/web\/auditoria-independente-opiniao-que-confere-base-para-tomada-de-decisao\/\"><img fetchpriority=\"high\" decoding=\"async\" width=\"539\" height=\"303\" src=\"https:\/\/www.vgaauditores.com.br\/web\/wp-content\/uploads\/2021\/12\/5-motivos-para-voc\u00ea-fazer-p\u00f3s-gradua\u00e7\u00e3o-em-Auditoria-1200x627-1-539x303.png\" class=\"attachment-latest_post_boxes size-latest_post_boxes wp-post-image\" alt=\"\" \/><\/a>\n            <\/div>\n            <div class=\"latest_post\"  >\n                <div class=\"latest_post_text\">\n                    <div class=\"latest_post_inner\">\n                        <div class=\"latest_post_text_inner\">\n                            <h5 itemprop=\"name\" class=\"latest_post_title entry_title\"><a itemprop=\"url\" href=\"https:\/\/www.vgaauditores.com.br\/web\/auditoria-independente-opiniao-que-confere-base-para-tomada-de-decisao\/\">AUDITORIA INDEPENDENTE &#8211; OPINI\u00c3O QUE CONFERE BASE PARA TOMADA DE DECIS\u00c3O<\/a><\/h5>\n                            <p class=\"excerpt\">O objetivo da auditoria \u00e9 <strong>aumentar o grau de confian\u00e7a<\/strong> nas demonstra\u00e7\u00f5es cont\u00e1beis por parte dos usu\u00e1rios. Isso \u00e9 alcan\u00e7ado mediante a express\u00e3o de uma opini\u00e3o  pelo auditor sobre se as demonstra\u00e7\u00f5es cont\u00e1beis foram elaboradas, em todos os aspectos relevantes, em conformidade com uma estrutura de relat\u00f3rio financeiro aplic\u00e1vel....<\/p>\n                            <span class=\"post_infos\">\n                                                                    <span class=\"date_hour_holder\">\n                                        <span itemprop=\"dateCreated\" class=\"date entry_date updated\">23 fevereiro, 2022 <meta itemprop=\"interactionCount\" content=\"UserComments: 0\"\/><\/span>\n                                    <\/span>\n                                                                                                \n                                \n                                                            <\/span>\n                        <\/div>\n                    <\/div>\n                <\/div>\n            <\/div>\n        <\/li>\n    \n        <li class=\"clearfix\">\n            <div class=\"boxes_image\">\n                                <a itemprop=\"url\" href=\"https:\/\/www.vgaauditores.com.br\/web\/auditoria-interna-nas-instituicoes-financeiras-caracteristicas-e-vantagens-da-terceirizacao\/\"><img decoding=\"async\" width=\"539\" height=\"303\" src=\"https:\/\/www.vgaauditores.com.br\/web\/wp-content\/uploads\/2021\/12\/shutterstock_1348347071-scaled-1-539x303.jpg\" class=\"attachment-latest_post_boxes size-latest_post_boxes wp-post-image\" alt=\"\" \/><\/a>\n            <\/div>\n            <div class=\"latest_post\"  >\n                <div class=\"latest_post_text\">\n                    <div class=\"latest_post_inner\">\n                        <div class=\"latest_post_text_inner\">\n                            <h5 itemprop=\"name\" class=\"latest_post_title entry_title\"><a itemprop=\"url\" href=\"https:\/\/www.vgaauditores.com.br\/web\/auditoria-interna-nas-instituicoes-financeiras-caracteristicas-e-vantagens-da-terceirizacao\/\">AUDITORIA INTERNA NAS INSTITUI\u00c7\u00d5ES FINANCEIRAS: Caracter\u00edsticas e vantagens da terceiriza\u00e7\u00e3o<\/a><\/h5>\n                            <p class=\"excerpt\">O Banco Central do Brasil passou a exigir das Institui\u00e7\u00f5es Financeiras e e Entidades Autorizadas a Funcionar a implementa\u00e7\u00e3o e manuten\u00e7\u00e3o do processo de Auditoria Interna. De acordo com BCB essa atividade poder\u00e1 ser realizada por, entre outras, por uma empresa de auditoria externa independente,......<\/p>\n                            <span class=\"post_infos\">\n                                                                    <span class=\"date_hour_holder\">\n                                        <span itemprop=\"dateCreated\" class=\"date entry_date updated\">23 janeiro, 2022 <meta itemprop=\"interactionCount\" content=\"UserComments: 0\"\/><\/span>\n                                    <\/span>\n                                                                                                \n                                \n                                                            <\/span>\n                        <\/div>\n                    <\/div>\n                <\/div>\n            <\/div>\n        <\/li>\n    \n        <li class=\"clearfix\">\n            <div class=\"boxes_image\">\n                                <a itemprop=\"url\" href=\"https:\/\/www.vgaauditores.com.br\/web\/condominios-auditoria-com-enfoque-preventivo\/\"><img decoding=\"async\" width=\"539\" height=\"303\" src=\"https:\/\/www.vgaauditores.com.br\/web\/wp-content\/uploads\/2021\/12\/Responsabilidades-dos-Auditores-539x303.jpg\" class=\"attachment-latest_post_boxes size-latest_post_boxes wp-post-image\" alt=\"\" \/><\/a>\n            <\/div>\n            <div class=\"latest_post\"  >\n                <div class=\"latest_post_text\">\n                    <div class=\"latest_post_inner\">\n                        <div class=\"latest_post_text_inner\">\n                            <h5 itemprop=\"name\" class=\"latest_post_title entry_title\"><a itemprop=\"url\" href=\"https:\/\/www.vgaauditores.com.br\/web\/condominios-auditoria-com-enfoque-preventivo\/\">CONDOM\u00cdNIOS &#8211; AUDITORIA COM ENFOQUE PREVENTIVO<\/a><\/h5>\n                            <p class=\"excerpt\">A Auditoria Condominial e\u0301 considerada uma ferramenta de auxi\u0301lio na gesta\u0303o do si\u0301ndico e na prevenc\u0327a\u0303o de prejui\u0301zos decorrentes de fraudes ou falta de conhecimento dos princi\u0301pios da administrac\u0327a\u0303o pelos gestores. QUAL OBJETIVO? Fornecer mais seguranc\u0327a e transpare\u0302ncia acerca da gesta\u0303o exercida pelo si\u0301ndico e......<\/p>\n                            <span class=\"post_infos\">\n                                                                    <span class=\"date_hour_holder\">\n                                        <span itemprop=\"dateCreated\" class=\"date entry_date updated\">23 mar\u00e7o, 2022 <meta itemprop=\"interactionCount\" content=\"UserComments: 0\"\/><\/span>\n                                    <\/span>\n                                                                                                \n                                \n                                                            <\/span>\n                        <\/div>\n                    <\/div>\n                <\/div>\n            <\/div>\n        <\/li>\n        <\/ul>\n<\/div>[vc_empty_space height=&#8221;50px&#8221;][\/vc_column][\/vc_row]<\/p>\n<\/div>","protected":false},"excerpt":{"rendered":"<p>[vc_row css_animation=&#8221;&#8221; row_type=&#8221;row&#8221; use_row_as_full_screen_section=&#8221;no&#8221; type=&#8221;grid&#8221; angled_section=&#8221;no&#8221; text_align=&#8221;center&#8221; background_image_as_pattern=&#8221;without_pattern&#8221; z_index=&#8221;&#8221; background_color=&#8221;#f6f6f6&#8243;][vc_column][vc_empty_space height=&#8221;50px&#8221;][vc_text_separator title=&#8221;Blog VGA&#8221; border=&#8221;no&#8221;][vc_empty_space height=&#8221;50px&#8221;][vc_empty_space height=&#8221;50px&#8221;][\/vc_column][\/vc_row]<\/p>\n","protected":false},"author":1,"featured_media":0,"parent":0,"menu_order":0,"comment_status":"closed","ping_status":"closed","template":"full_width.php","meta":{"_joinchat":[],"footnotes":""},"class_list":["post-1333","page","type-page","status-publish","hentry"],"_links":{"self":[{"href":"https:\/\/www.vgaauditores.com.br\/web\/wp-json\/wp\/v2\/pages\/1333","targetHints":{"allow":["GET"]}}],"collection":[{"href":"https:\/\/www.vgaauditores.com.br\/web\/wp-json\/wp\/v2\/pages"}],"about":[{"href":"https:\/\/www.vgaauditores.com.br\/web\/wp-json\/wp\/v2\/types\/page"}],"author":[{"embeddable":true,"href":"https:\/\/www.vgaauditores.com.br\/web\/wp-json\/wp\/v2\/users\/1"}],"replies":[{"embeddable":true,"href":"https:\/\/www.vgaauditores.com.br\/web\/wp-json\/wp\/v2\/comments?post=1333"}],"version-history":[{"count":11,"href":"https:\/\/www.vgaauditores.com.br\/web\/wp-json\/wp\/v2\/pages\/1333\/revisions"}],"predecessor-version":[{"id":1888,"href":"https:\/\/www.vgaauditores.com.br\/web\/wp-json\/wp\/v2\/pages\/1333\/revisions\/1888"}],"wp:attachment":[{"href":"https:\/\/www.vgaauditores.com.br\/web\/wp-json\/wp\/v2\/media?parent=1333"}],"curies":[{"name":"wp","href":"https:\/\/api.w.org\/{rel}","templated":true}]}}